{"id":160,"date":"2017-02-26T19:25:43","date_gmt":"2017-02-26T19:25:43","guid":{"rendered":"http:\/\/livibalans.nu\/?page_id=160"},"modified":"2021-07-25T11:22:06","modified_gmt":"2021-07-25T11:22:06","slug":"strukturell-osteopati-och-mjuk-kiropraktik","status":"publish","type":"page","link":"https:\/\/livibalans.nu\/?page_id=160","title":{"rendered":"Strukturell osteopati och mjuk kiropraktik"},"content":{"rendered":"<p>Jag kan nu erbjuda strukturell osteopati och mjuk kiropraktik.<\/p>\n<p>Jag \u00e4r utbildad p\u00e5 <a href=\"http:\/\/www.ackermann-institutet.se\/sv\/\">Ackermann Institutet<\/a>.<\/p>\n<p>Ackermann har tagit fram en metod som bygger p\u00e5 forskning och l\u00e5ng praktisk erfarenhet.<\/p>\n<p>Behandlingen g\u00e5r ut p\u00e5 ett holistikt s\u00e4tt att mobilisera och manipulera b\u00e4cken, kotor och leder.<\/p>\n<p>Denna behandling kan \u00e4ven kombineras med andra behandlingar som jag erbjuder.<\/p>\n","protected":false},"excerpt":{"rendered":"<p>Jag kan nu erbjuda strukturell osteopati och mjuk kiropraktik. Jag \u00e4r utbildad p\u00e5 Ackermann Institutet. Ackermann har tagit fram en metod som bygger p\u00e5 forskning och l\u00e5ng praktisk erfarenhet. Behandlingen g\u00e5r ut p\u00e5 ett holistikt s\u00e4tt att mobilisera och manipulera b\u00e4cken, kotor och leder. Denna behandling kan \u00e4ven kombineras med andra behandlingar som jag erbjuder.<\/p>\n","protected":false},"author":1,"featured_media":0,"parent":81,"menu_order":0,"comment_status":"closed","ping_status":"closed","template":"","meta":[],"_links":{"self":[{"href":"https:\/\/livibalans.nu\/index.php?rest_route=\/wp\/v2\/pages\/160"}],"collection":[{"href":"https:\/\/livibalans.nu\/index.php?rest_route=\/wp\/v2\/pages"}],"about":[{"href":"https:\/\/livibalans.nu\/index.php?rest_route=\/wp\/v2\/types\/page"}],"author":[{"embeddable":true,"href":"https:\/\/livibalans.nu\/index.php?rest_route=\/wp\/v2\/users\/1"}],"replies":[{"embeddable":true,"href":"https:\/\/livibalans.nu\/index.php?rest_route=%2Fwp%2Fv2%2Fcomments&post=160"}],"version-history":[{"count":3,"href":"https:\/\/livibalans.nu\/index.php?rest_route=\/wp\/v2\/pages\/160\/revisions"}],"predecessor-version":[{"id":263,"href":"https:\/\/livibalans.nu\/index.php?rest_route=\/wp\/v2\/pages\/160\/revisions\/263"}],"up":[{"embeddable":true,"href":"https:\/\/livibalans.nu\/index.php?rest_route=\/wp\/v2\/pages\/81"}],"wp:attachment":[{"href":"https:\/\/livibalans.nu\/index.php?rest_route=%2Fwp%2Fv2%2Fmedia&parent=160"}],"curies":[{"name":"wp","href":"https:\/\/api.w.org\/{rel}","templated":true}]}}