{"id":181,"date":"2017-12-29T15:09:10","date_gmt":"2017-12-29T15:09:10","guid":{"rendered":"http:\/\/livibalans.nu\/?page_id=181"},"modified":"2021-07-25T11:14:39","modified_gmt":"2021-07-25T11:14:39","slug":"biomagnetism","status":"publish","type":"page","link":"https:\/\/livibalans.nu\/?page_id=181","title":{"rendered":"Biomagnetism"},"content":{"rendered":"<p><strong>Biomagnetism<\/strong><\/p>\n<p>Behandling genom magnetism och biomagnetiska par har utf\u00f6rts framf\u00f6r allt p\u00e5 den nord- och sydamerikanska kontinenten sedan 35 \u00e5r tillbaka. I Sverige \u00e4r detta en relativt ny och alternativmedicinsk metod som \u00e4n s\u00e5 l\u00e4nge endast ut\u00f6vas av ett f\u00e5tal terapeuter.<\/p>\n<p>Teorin bakom behandlingen \u00e4r att m\u00e5nga sjukdomar orsakas bl.a. av obalans i pH-v\u00e4rdet.<\/p>\n<p>Obalans g\u00f6r att mikroorganismer som virus, bakterier, svamp och parasiter kan bli aggressiva och skapa problem som i f\u00f6rl\u00e4ngningen kan leda till cellf\u00f6r\u00e4ndringar samt d\u00e4refter olika \u00e5kommor och sjukdomar.<br \/>\nEn terapeut inom Medicinsk Biomagnetism botar inte sjukdomar. Terapeutens uppgift \u00e4r att lokalisera magnetf\u00e4lt med patogena mikroorganismer samt placera magneters syd \u2013 och nordpol p\u00e5 dessa magnetf\u00e4lt f\u00f6r att balansera kroppens pH-v\u00e4rde och d\u00e4rmed eliminera de smittb\u00e4rande organismerna. N\u00e4r pH-v\u00e4rdet d\u00e4refter har balanserats och de patogena mikroorganismerna eliminerats, kan kroppen sj\u00e4lv ta hand om orsaken till uppkomna f\u00f6r\u00e4ndringar i systemet eftersom den naturliga sj\u00e4lvl\u00e4kningsprocessen d\u00e5 har aktiverats.<\/p>\n<p>V\u00e5ra kroppar \u00e4r sj\u00e4lvl\u00e4kande om vi ger dem r\u00e4tt f\u00f6ruts\u00e4ttningar att vara det!<\/p>\n<p>Metoden \u00e4r ocks\u00e5 100-procentigt fri fr\u00e5n bieffekter och fullst\u00e4ndigt j\u00e4mf\u00f6rbar med traditionell eller alternativ l\u00e4kningsmetod. D\u00e4r finns inte heller n\u00e5gra kontraindikationer. Den \u00e4r baserad p\u00e5 sjukdomens orsaker och inte p\u00e5 symtomen. Den kan kombineras med andra behandlingar \u2013 traditionell eller alternativ. Dock med undantag f\u00f6r behandling med kemoterapi eller str\u00e5lbehandling. I s\u00e5 fall m\u00e5ste ett \u00e5r ha passerat efter slutbehandlad kemoterapi eller str\u00e5lning.\u00a0Om du \u00e4r gravid eller har pacemaker beh\u00f6ver jag f\u00e5 veta det innan behandlingen.<\/p>\n","protected":false},"excerpt":{"rendered":"<p>Biomagnetism Behandling genom magnetism och biomagnetiska par har utf\u00f6rts framf\u00f6r allt p\u00e5 den nord- och sydamerikanska kontinenten sedan 35 \u00e5r tillbaka. I Sverige \u00e4r detta en relativt ny och alternativmedicinsk metod som \u00e4n s\u00e5 l\u00e4nge endast ut\u00f6vas av ett f\u00e5tal terapeuter. Teorin bakom behandlingen \u00e4r att m\u00e5nga sjukdomar orsakas bl.a. av obalans i pH-v\u00e4rdet. Obalans [&hellip;]<\/p>\n","protected":false},"author":1,"featured_media":0,"parent":81,"menu_order":0,"comment_status":"closed","ping_status":"closed","template":"","meta":[],"_links":{"self":[{"href":"https:\/\/livibalans.nu\/index.php?rest_route=\/wp\/v2\/pages\/181"}],"collection":[{"href":"https:\/\/livibalans.nu\/index.php?rest_route=\/wp\/v2\/pages"}],"about":[{"href":"https:\/\/livibalans.nu\/index.php?rest_route=\/wp\/v2\/types\/page"}],"author":[{"embeddable":true,"href":"https:\/\/livibalans.nu\/index.php?rest_route=\/wp\/v2\/users\/1"}],"replies":[{"embeddable":true,"href":"https:\/\/livibalans.nu\/index.php?rest_route=%2Fwp%2Fv2%2Fcomments&post=181"}],"version-history":[{"count":6,"href":"https:\/\/livibalans.nu\/index.php?rest_route=\/wp\/v2\/pages\/181\/revisions"}],"predecessor-version":[{"id":258,"href":"https:\/\/livibalans.nu\/index.php?rest_route=\/wp\/v2\/pages\/181\/revisions\/258"}],"up":[{"embeddable":true,"href":"https:\/\/livibalans.nu\/index.php?rest_route=\/wp\/v2\/pages\/81"}],"wp:attachment":[{"href":"https:\/\/livibalans.nu\/index.php?rest_route=%2Fwp%2Fv2%2Fmedia&parent=181"}],"curies":[{"name":"wp","href":"https:\/\/api.w.org\/{rel}","templated":true}]}}