{"id":209,"date":"2018-12-01T13:16:36","date_gmt":"2018-12-01T13:16:36","guid":{"rendered":"http:\/\/livibalans.nu\/?page_id=209"},"modified":"2021-07-25T11:06:05","modified_gmt":"2021-07-25T11:06:05","slug":"naringsterapi-och-torrblodanalys","status":"publish","type":"page","link":"https:\/\/livibalans.nu\/?page_id=209","title":{"rendered":"N\u00e4ringsterapi och blodanalys"},"content":{"rendered":"<h4>N\u00e4ringsterapi<\/h4>\n<p>Kroppen \u00e4r en helhet, ett system sammansatt av flera kroppsfunktioner och organsystem som hela tiden \u00e4r kopplade till varandra och som p\u00e5verkas av kost, n\u00e4ringsstatus, fysisk aktivitet, stress, milj\u00f6, v\u00e5ra relationer, tankar, k\u00e4nslor, andning och genetik.<\/p>\n<p>N\u00e4ringsterapi till\u00e4mpar kunskapen om hur kosten, vitaminer, mineraler, aminosyror, enzymer, fettsyror, antioxidanter, \u00f6rter m.m p\u00e5verkar kroppens anatomi, fysiologi och biokemiska funktioner.<\/p>\n<p>Kroppen har en stor sj\u00e4lvl\u00e4kande f\u00f6rm\u00e5ga om den bara f\u00e5r r\u00e4tt f\u00f6ruts\u00e4ttningar.<\/p>\n<p>N\u00e4ringsterapi inriktar sig p\u00e5 m\u00e4nniskan i st\u00e4llet f\u00f6r symptom \/diagnos och f\u00f6rs\u00f6ker hitta orsakerna till varf\u00f6r oh\u00e4lsa har uppst\u00e5tt.<\/p>\n<p>Att jobba med h\u00e4lsa \u00e4r en livsl\u00e5ng process f\u00f6r en sj\u00e4lv och kan ta lite tid och flera behandlingstillf\u00e4llen f\u00f6r att hitta din v\u00e4g till v\u00e4lbefinnande.<\/p>\n<p>Hur m\u00e5nga tillf\u00e4llen \u00e4r sv\u00e5rt att s\u00e4ga p\u00e5 f\u00f6rhand men vi f\u00e5r g\u00f6ra en plan som passar dina behov.<\/p>\n<p><strong>S\u00e5 h\u00e4r g\u00e5r det till<\/strong><\/p>\n<ul>\n<li>Du fyller i en h\u00e4lsoutv\u00e4rdering via <a href=\"https:\/\/analys.me\/livibalans\/\">https:\/\/analys.me\/livibalans\/<\/a><\/li>\n<\/ul>\n<ul>\n<li>H\u00e4lsoutv\u00e4rderingen \u00e4r ett omfattande fr\u00e5geformul\u00e4r om dig och din h\u00e4lsa som du fyller i p\u00e5 n\u00e4tet hemma i lugn och ro innan du kommer till mig.<\/li>\n<\/ul>\n<ul>\n<li>H\u00e4lsoutv\u00e4rderingen inneh\u00e5ller bland annat fr\u00e5gor om dina symptom, tidigare behandlingar och sjukdomshistoria, eventuellt l\u00e4kemedelsbehandling, intag av ev kosttillskott, din kosth\u00e5llning, livsstil, milj\u00f6 och mycket mer.<\/li>\n<li>Har du provsvar\u00a0fr\u00e5n sjukv\u00e5rden som du vill att jag tar h\u00e4nsyn till s\u00e5 ta med dom vid f\u00f6rsta bes\u00f6ket.<\/li>\n<\/ul>\n<p><strong>Vid konsultationstillf\u00e4llet<\/strong><\/p>\n<ul>\n<li>Under konsultationstillf\u00e4llet g\u00e5r vi tillsammans igenom din ifyllda h\u00e4lsoutv\u00e4rdering. Denna information ger mig v\u00e4gledning om vad som kan vara orsaken till dina h\u00e4lsoproblem och hur vi skall g\u00e5 vidare<\/li>\n<li>Granskning av din medicinska historia och ev bifogade provsvar<\/li>\n<li>\u00d6versyn av din nuvarande kosth\u00e5llning och ev intag av kosttillskott<\/li>\n<li>Jag utf\u00f6r levande blodanlys samt torrblodsanalys<\/li>\n<li>Kinesiologi\/manuell muskeltestning<\/li>\n<li>Genomg\u00e5ng och vikten i hur du r\u00f6r dig\/motionerar i vardagen, ev stress samt hur viktig andningen \u00e4r f\u00f6r din kropp<\/li>\n<\/ul>\n<p>Jag knyter samman all information jag har samlat om dig och f\u00f6rklarar hur dina symptom kan h\u00e4nga samman med exempelvis n\u00e4ringsobalanser, k\u00f6rtel- eller organfunktion,\u00a0genetik, kost, stress eller livsstil. Vi tillsammans l\u00e4gger upp ett personligt behandlingsprogram till dig g\u00e4llande livsstil, kost och kosttillskott som du f\u00f6ljer fram till v\u00e5r n\u00e4sta uppf\u00f6ljning.<\/p>\n<p><strong>Ytterligare tester\/provtagningar<\/strong><\/p>\n<p>Om s\u00e5 \u00f6nskas kan jag \u00e4ven utf\u00f6ra f\u00f6ljande tester\/provtagningar:<\/p>\n<ul>\n<li>Tungmetalltest<\/li>\n<li>Sk\u00f6ldk\u00f6rteltest<\/li>\n<li>D-vitamin<\/li>\n<li>Urinprover<\/li>\n<li>Klimakterietest<\/li>\n<li>Matintoleranstest<\/li>\n<\/ul>\n<p><strong>Uppf\u00f6ljande konsultationer<\/strong><\/p>\n<p>Under p\u00e5g\u00e5ende behandling \u00e4r det n\u00f6dv\u00e4ndigt med regelbundna uppf\u00f6ljningar d\u00e4r vi korrigerar din behandlingsplan s\u00e5 vi kan st\u00f6dja din kropps l\u00e4kningsprocess p\u00e5 b\u00e4sta m\u00f6jliga s\u00e4tt. H\u00e4r har du ocks\u00e5 m\u00f6jlighet att f\u00e5 svar p\u00e5 eventuella fr\u00e5gor om din h\u00e4lsa eller behandlingsplan som har dykt upp sedan senaste konsultationstillf\u00e4llet.<\/p>\n<p>Beroende p\u00e5 hur du och din kropp m\u00e5r kan vi komplettera med andra behandlingsmetoder och egenv\u00e5rd som jag ut\u00f6var och anser kunna gagna din h\u00e4lsa.<\/p>\n","protected":false},"excerpt":{"rendered":"<p>N\u00e4ringsterapi Kroppen \u00e4r en helhet, ett system sammansatt av flera kroppsfunktioner och organsystem som hela tiden \u00e4r kopplade till varandra och som p\u00e5verkas av kost, n\u00e4ringsstatus, fysisk aktivitet, stress, milj\u00f6, v\u00e5ra relationer, tankar, k\u00e4nslor, andning och genetik. N\u00e4ringsterapi till\u00e4mpar kunskapen om hur kosten, vitaminer, mineraler, aminosyror, enzymer, fettsyror, antioxidanter, \u00f6rter m.m p\u00e5verkar kroppens anatomi, fysiologi [&hellip;]<\/p>\n","protected":false},"author":1,"featured_media":0,"parent":0,"menu_order":0,"comment_status":"closed","ping_status":"closed","template":"","meta":[],"_links":{"self":[{"href":"https:\/\/livibalans.nu\/index.php?rest_route=\/wp\/v2\/pages\/209"}],"collection":[{"href":"https:\/\/livibalans.nu\/index.php?rest_route=\/wp\/v2\/pages"}],"about":[{"href":"https:\/\/livibalans.nu\/index.php?rest_route=\/wp\/v2\/types\/page"}],"author":[{"embeddable":true,"href":"https:\/\/livibalans.nu\/index.php?rest_route=\/wp\/v2\/users\/1"}],"replies":[{"embeddable":true,"href":"https:\/\/livibalans.nu\/index.php?rest_route=%2Fwp%2Fv2%2Fcomments&post=209"}],"version-history":[{"count":7,"href":"https:\/\/livibalans.nu\/index.php?rest_route=\/wp\/v2\/pages\/209\/revisions"}],"predecessor-version":[{"id":256,"href":"https:\/\/livibalans.nu\/index.php?rest_route=\/wp\/v2\/pages\/209\/revisions\/256"}],"wp:attachment":[{"href":"https:\/\/livibalans.nu\/index.php?rest_route=%2Fwp%2Fv2%2Fmedia&parent=209"}],"curies":[{"name":"wp","href":"https:\/\/api.w.org\/{rel}","templated":true}]}}