{"id":38,"date":"2017-01-22T13:24:30","date_gmt":"2017-01-22T13:24:30","guid":{"rendered":"http:\/\/wordpress.livibalans.nu\/?page_id=38"},"modified":"2026-02-01T15:36:49","modified_gmt":"2026-02-01T15:36:49","slug":"om-liv-i-balans","status":"publish","type":"page","link":"https:\/\/livibalans.nu\/","title":{"rendered":"Liv i balans"},"content":{"rendered":"\n<p><\/p>\n\n\n<p>V\u00e4lkommen till Liv i Balans!<\/p>\n<p>Jag heter Marie och jobbar med olika alternativa behandlingsformer som bidrar till att klienter m\u00e5r b\u00e4ttre och kropparna hittar tillbaka till h\u00e4lsa. <a href=\"http:\/\/livibalans.nu\/wp-content\/uploads\/2021\/07\/Bild-hemsida.jpg\"><img loading=\"lazy\" class=\"size-medium wp-image-248 alignright\" src=\"http:\/\/livibalans.nu\/wp-content\/uploads\/2021\/07\/Bild-hemsida-174x300.jpg\" alt=\"\" width=\"174\" height=\"300\" srcset=\"https:\/\/livibalans.nu\/wp-content\/uploads\/2021\/07\/Bild-hemsida-174x300.jpg 174w, https:\/\/livibalans.nu\/wp-content\/uploads\/2021\/07\/Bild-hemsida.jpg 537w\" sizes=\"(max-width: 174px) 100vw, 174px\" \/><\/a><\/p>\n<p>Vi \u00e4r holistiska varelser, vi har <u>EN<\/u> kropp. Det liv vi lever p\u00e5verkar v\u00e5r h\u00e4lsa b\u00e5de fysiskt, emotionellt och mentalt. Vi str\u00e4var alla efter att leva ett Liv i Balans.<\/p>\n<p>Intentionen, m\u00e5let med den personliga behandlingen \u00e4r att tillsammans finna den balansen i ditt liv.<\/p>\n<p>Behandlingen ger dig en m\u00f6jlighet att ta en mer aktiv roll i resan mot h\u00e4lsom\u00e4ssig balans och v\u00e4lbefinnande.<\/p>\n<p>Kroppen \u00e4r fantastiskt bra p\u00e5 att l\u00e4ka sig sj\u00e4lv men ibland beh\u00f6ver den hj\u00e4lp p\u00e5 traven med olika typer av behandling. F\u00f6rh\u00e5llandevis ofta \u00e4r det en kombination av olika behandlingar som ger det b\u00e4sta resultatet.<\/p>\n<p>F\u00f6r att ta ett enkelt exempel: Som att f\u00e5 hj\u00e4lp med en tennisarmb\u00e5ge kan det bli en blandning av massage, laserbehandling, djupv\u00e5gsbehandling, akupunktur och emotionell behandling.<\/p>\n<p><strong>F\u00f6rsta bes\u00f6ket<\/strong><\/p>\n<p>Vid f\u00f6rsta bes\u00f6ket b\u00f6rjar vi med ett samtal d\u00e4r vi g\u00e5r igenom vad du beh\u00f6ver hj\u00e4lp\/bidrag med. Tillsammans ser vi hur vi kan l\u00f6sa det med hj\u00e4lp av en eller en kombination av de olika typer av behandlingsmetoder som du ser h\u00e4r p\u00e5 hemsidan. Vid ett f\u00f6rsta bes\u00f6k rekommenderar jag dig att boka 1 tim 15 min.<\/p>\n<p>Innan f\u00f6rsta bes\u00f6ket \u00f6nskar jag att du fyller i en h\u00e4lsodeklaration p\u00e5 <a href=\"https:\/\/analys.me\/livibalans\/\">https:\/\/analys.me\/livibalans\/<\/a> &nbsp;<\/p>\n<p>Vid det f\u00f6rsta bes\u00f6ket utf\u00f6r jag torrblodsanalys, vid behov levande blod-analys tillsammans g\u00f6r vi en anamnes. Jag tittar \u00e4ven p\u00e5 tunga och naglar samt utf\u00f6r en pulsdiagnos enligt kinesisk och ayurvedisk teknik.<\/p>\n<p>Vid behov kan jag \u00e4ven utf\u00f6ra snabbtester avseende:<\/p>\n<ul>\n<li>TSH&nbsp; &nbsp; &nbsp; &nbsp; &nbsp; &nbsp; &nbsp; &nbsp; &nbsp; &nbsp;200 kr<\/li>\n<li>D-vitamin&nbsp; &nbsp; &nbsp; &nbsp; &nbsp;200 kr<\/li>\n<li>Klimakterie&nbsp; &nbsp; &nbsp; &nbsp;200 kr<\/li>\n<li>Tungmetall&nbsp; &nbsp; &nbsp; &nbsp;200 kr<\/li>\n<li>Matintolerans&nbsp; 200 kr<\/li>\n<\/ul>\n<p><strong>\u00c5terkommande bes\u00f6k<\/strong><\/p>\n<p>Vid \u00e5terkommande bes\u00f6k bokar du behandling f\u00f6r 1 timme.<\/p>\n<p>Vid de \u00e5terkommande bes\u00f6ken g\u00e5r vi igenom hur du upplever hur behandlingen har verkat och forts\u00e4tter med behandlingsplanen som vi tillsammans la upp vid det f\u00f6rsta bes\u00f6ket med eventuella justeringar i behandlingsmetoder eller preparat. &nbsp;&nbsp;<\/p>\n<p><strong>Massage<\/strong><\/p>\n<p>Massage kan bokas till 30 min eller 45 min.<\/p>\n<p><\/p>\n<p><strong>S\u00e5 h\u00e4r bokar du tid<\/strong><\/p>\n<ul>\n<li>G\u00e5 in under fliken kontakt\/tidsbokning<\/li>\n<li>G\u00e5 in p\u00e5 l\u00e4nken <a href=\"http:\/\/livibalans.nu\/wp-content\/uploads\/2021\/07\/bokatid.png\"><img loading=\"lazy\" class=\"alignnone  wp-image-275\" src=\"http:\/\/livibalans.nu\/wp-content\/uploads\/2021\/07\/bokatid.png\" alt=\"\" width=\"76\" height=\"23\"><\/a><\/li>\n<li>\u00c4r det f\u00f6rsta g\u00e5ngen v\u00e4ljer du 1 tim 15 min<\/li>\n<li>\u00c4r du p\u00e5 \u00e5terbes\u00f6k v\u00e4ljer du 1 tim<\/li>\n<li>Skall du ha massage v\u00e4ljer du antingen 30 min eller 45 min<\/li>\n<li>Vet du vad du \u00f6nskar f\u00f6r typ av behandling s\u00e5 kan du skriva det under meddelande i timecenter n\u00e4r du bokar din tid s\u00e5 vet jag.<\/li>\n<\/ul>\n<p>Att bli fri fr\u00e5n sina symptom \u00e4r oftast ingen quick-fix d\u00e4r det endast \u00e4r jag som terapeut som l\u00f6ser dina problem utan det kr\u00e4vs oftast att du sj\u00e4lv g\u00f6r vissa f\u00f6r\u00e4ndringar i ditt liv. S\u00e5som tex \u00e4ndring av kost, tr\u00e4ning, den dagliga motionen, tankar och inst\u00e4llning till dig sj\u00e4lv.<\/p>\n<p>Nedan ser du ett axplock av vad du som klient kan f\u00e5 hj\u00e4lp och lindring med.<\/p>\n<ul>\n<li>V\u00e4rk i kroppen<\/li>\n<li>Muskel-bristningar<\/li>\n<li>Migr\u00e4n<\/li>\n<li>Mag- och tarmproblem<\/li>\n<li>Hud-problem s\u00e5som acne och eksem, psoriasis , vitiligo<\/li>\n<li>Allergier<\/li>\n<li>Psykisk oh\u00e4lsa<\/li>\n<li>N\u00e4ringsstatus<\/li>\n<li>Whiplash skador<\/li>\n<li>Klimakteriebesv\u00e4r<\/li>\n<li>Hormon-obalanser<\/li>\n<\/ul>\n<h3><strong>Bakgrund\/kompetens<\/strong><\/h3>\n<ul>\n<li>F\u00f6rskoll\u00e4rare \u2013 Malm\u00f6 h\u00f6gskola<\/li>\n<li>Basmedicin \u2013 60 h\u00f6gskolepo\u00e4ng<\/li>\n<li>Instrukt\u00f6r gym \u2013 yoga, spinning, core, pilates, funktionell tr\u00e4ning SAFE, Body balance \u2013 Les Mills<\/li>\n<li>Postural tr\u00e4nare \u2013 Rasmus Sv\u00e4rd\/Mattias Hallstr\u00f6m<\/li>\n<li>Sensing yoga instrukt\u00f6r \u2013 Mia Elmlund Lunakliniken<\/li>\n<li>Diplomerad stress och friskv\u00e5rdskonsulent &nbsp; \u2013 &nbsp;H\u00e4lsoakademin Europa<\/li>\n<li>Certifierad coach \u2013 H\u00e4lsoakademin Europa<\/li>\n<li>Massageterapeut \u2013 H\u00e4lsoteket<\/li>\n<li>Diplomerad Kraniosakralterapeut \u2013 Tranberg Institutet<\/li>\n<li>Kinesiolog \u2013 Svenska Kinesiologiskolan<\/li>\n<li>Holografisk kinesiolog \u2013 Kilmaninstitutet<\/li>\n<li>Diplomerat Soulfulterapeut \u2013 Malin Henriksson Pratt<\/li>\n<li>Emotioncode terapeut \u2013 Dr Bradley Nelson<\/li>\n<li>Strulturell osteopat\/mjuk kiropraktik \u2013 Ackermann Institutet<\/li>\n<li>Biomagnetism \u2013 Johnny Grimst\u00e5hl (enl Dr Isaac Goiz Duran)<\/li>\n<li>\u00d6rt-terapeut \u2013 Nordiskt N\u00e4ringscenter Mic Mc Mullen<\/li>\n<li>\u00d6rt-terapeut \u2013 Egenv\u00e5rdspolen med Lisa Kock<\/li>\n<li>Kost- och n\u00e4ringsterapeut \u2013 Nordiskt N\u00e4ringscenter<\/li>\n<li>Fascia terapeut \u2013 Fascia Academy<\/li>\n<li>Ayurvedisk h\u00e4lsor\u00e5dgivare \u2013 Ayurvedaskola i Varberg<\/li>\n<li>Homeopat \u2013 Stefan Wihlde<\/li>\n<li>\u00d6ronakupunkt\u00f6r NADA\/100 punkt \u2013 Kajsa Landgren<\/li>\n<li>Akupunkt\u00f6r\u2013 Louis Womack<\/li>\n<li>Dry needling &#8211; Lii Schacht Napsport clinic<\/li>\n<\/ul>\n<p>Jag har alltid varit intresserad av h\u00e4lsa. H\u00e4lsa f\u00f6r mig \u00e4r stort spektrum som innefattar m\u00e4nniskans fysiska, psykiska(emotionella) och andliga sidor.<\/p>\n<p>I m\u00e5nga \u00e5r arbetade jag som f\u00f6rskoll\u00e4rare och parallellt med det som instrukt\u00f6r p\u00e5 olika gym. Vid 40 \u00e5rs \u00e5lder k\u00e4nde jag att det var dags att g\u00f6ra det jag verkligen dr\u00f6mde om\u2026 att kunna bidra till m\u00e4nniskors h\u00e4lsa.<\/p>\n<p>Under \u00e5ren jag har haft min praktik har jag sett att m\u00e4nniskor med likartade problem, till exempel ont i l\u00e4ndrygg kan uppst\u00e5 av olika orsaker.<\/p>\n<p>Detta \u00e4r en av anledningarna till alla mina olika utbildningar, tillsammans med min nyfikenhet p\u00e5 hur kroppen verkligen fungerar, f\u00f6r att kunna hitta r\u00e4tt behandlingsmetod f\u00f6r just dig.<\/p>\n<p>Det jag menar \u00e4r att en ond rygg p\u00e5 en person kan bli hj\u00e4lpt med massage medan en annan person i st\u00e4llet beh\u00f6ver soulful transformation. Som jag n\u00e4mnde i texten ovan s\u00e5 \u00e4r det inte alltf\u00f6r s\u00e4llan \u00e4r det en kombination av olika behandlingar som ger det b\u00e4sta resultatet.<\/p>\n<p>Varmt v\u00e4lkommen till mig!<br><em>Marie Nilsson<\/em><\/p>","protected":false},"excerpt":{"rendered":"<p>N\u00e5gon undrar kanske varf\u00f6r har hon l\u00e4st s\u00e5 mycket? Svaret \u00e4r enkelt &#8211; M\u00e4nniskokroppen \u00e4r s\u00e5 sp\u00e4nnande och s\u00e5 fantastisk!<\/p>\n","protected":false},"author":1,"featured_media":0,"parent":0,"menu_order":0,"comment_status":"closed","ping_status":"closed","template":"","meta":[],"_links":{"self":[{"href":"https:\/\/livibalans.nu\/index.php?rest_route=\/wp\/v2\/pages\/38"}],"collection":[{"href":"https:\/\/livibalans.nu\/index.php?rest_route=\/wp\/v2\/pages"}],"about":[{"href":"https:\/\/livibalans.nu\/index.php?rest_route=\/wp\/v2\/types\/page"}],"author":[{"embeddable":true,"href":"https:\/\/livibalans.nu\/index.php?rest_route=\/wp\/v2\/users\/1"}],"replies":[{"embeddable":true,"href":"https:\/\/livibalans.nu\/index.php?rest_route=%2Fwp%2Fv2%2Fcomments&post=38"}],"version-history":[{"count":26,"href":"https:\/\/livibalans.nu\/index.php?rest_route=\/wp\/v2\/pages\/38\/revisions"}],"predecessor-version":[{"id":319,"href":"https:\/\/livibalans.nu\/index.php?rest_route=\/wp\/v2\/pages\/38\/revisions\/319"}],"wp:attachment":[{"href":"https:\/\/livibalans.nu\/index.php?rest_route=%2Fwp%2Fv2%2Fmedia&parent=38"}],"curies":[{"name":"wp","href":"https:\/\/api.w.org\/{rel}","templated":true}]}}