{"id":46,"date":"2017-01-22T14:49:44","date_gmt":"2017-01-22T14:49:44","guid":{"rendered":"http:\/\/wordpress.livibalans.nu\/?page_id=46"},"modified":"2021-07-25T11:18:57","modified_gmt":"2021-07-25T11:18:57","slug":"klassisk-massage","status":"publish","type":"page","link":"https:\/\/livibalans.nu\/?page_id=46","title":{"rendered":"Massage"},"content":{"rendered":"<p>S\u00e5 g\u00e5r min massage till.<br \/>\nDu beh\u00e5ller alltid underkl\u00e4derna p\u00e5. Vill du ha mer kl\u00e4der p\u00e5 kroppen har du sj\u00e4lvklart r\u00e4tt till det. Jag l\u00e4gger oftast en handduk \u00f6ver dig s\u00e5 du inte beh\u00f6ver frysa.<\/p>\n<p>Massage g\u00f6r gott f\u00f6r kroppen och hj\u00e4lper dig att m\u00e5 b\u00e4ttre p\u00e5 m\u00e5nga s\u00e4tt.<\/p>\n<p>H\u00e4r \u00e4r n\u00e5gra exempel:<\/p>\n<ul>\n<li>Dina sp\u00e4nda muskler blir mjuka och elastiska<\/li>\n<li>Blodcirkulationen i musklerna \u00f6kar<\/li>\n<li>Ditt immunf\u00f6rsvar st\u00e4rks<\/li>\n<li>Den hj\u00e4lper dig att slappna av<\/li>\n<\/ul>\n<p>F\u00f6rutom massage anv\u00e4nder jag medicinsk laser, fasciamaskin, akupunktur, kinesiologi och ibland \u00e4ven emotioncode som komplement till behandlingen<\/p>\n","protected":false},"excerpt":{"rendered":"<p>Klassisk svensk massage g\u00f6r gott f\u00f6r kroppen En klassisk svensk massage hj\u00e4lper dig att m\u00e5 b\u00e4ttre p\u00e5 m\u00e5nga s\u00e4tt.<\/p>\n","protected":false},"author":1,"featured_media":0,"parent":81,"menu_order":0,"comment_status":"closed","ping_status":"closed","template":"","meta":[],"_links":{"self":[{"href":"https:\/\/livibalans.nu\/index.php?rest_route=\/wp\/v2\/pages\/46"}],"collection":[{"href":"https:\/\/livibalans.nu\/index.php?rest_route=\/wp\/v2\/pages"}],"about":[{"href":"https:\/\/livibalans.nu\/index.php?rest_route=\/wp\/v2\/types\/page"}],"author":[{"embeddable":true,"href":"https:\/\/livibalans.nu\/index.php?rest_route=\/wp\/v2\/users\/1"}],"replies":[{"embeddable":true,"href":"https:\/\/livibalans.nu\/index.php?rest_route=%2Fwp%2Fv2%2Fcomments&post=46"}],"version-history":[{"count":4,"href":"https:\/\/livibalans.nu\/index.php?rest_route=\/wp\/v2\/pages\/46\/revisions"}],"predecessor-version":[{"id":261,"href":"https:\/\/livibalans.nu\/index.php?rest_route=\/wp\/v2\/pages\/46\/revisions\/261"}],"up":[{"embeddable":true,"href":"https:\/\/livibalans.nu\/index.php?rest_route=\/wp\/v2\/pages\/81"}],"wp:attachment":[{"href":"https:\/\/livibalans.nu\/index.php?rest_route=%2Fwp%2Fv2%2Fmedia&parent=46"}],"curies":[{"name":"wp","href":"https:\/\/api.w.org\/{rel}","templated":true}]}}