{"id":59,"date":"2017-01-22T15:23:08","date_gmt":"2017-01-22T15:23:08","guid":{"rendered":"http:\/\/wordpress.livibalans.nu\/?page_id=59"},"modified":"2021-07-25T11:09:04","modified_gmt":"2021-07-25T11:09:04","slug":"kinesiologi","status":"publish","type":"page","link":"https:\/\/livibalans.nu\/?page_id=59","title":{"rendered":"Kinesiologi"},"content":{"rendered":"<p>Kinesiologi och manuell muskeltestning \u00e4r en del av alternativmedicinen och naturl\u00e4kekonsten.<\/p>\n<p>Kinesiologi \u00e4r modern v\u00e4sterl\u00e4ndsk fysiologi, anatomi, och r\u00f6relsel\u00e4ra som p\u00e5 ett unikt s\u00e4tt kombineras med urgamla kinesiska akupunkturlagar och \u00f6sterl\u00e4ndsk kunskap om m\u00e4nniskans yttre och inre energisystem.<\/p>\n<p>Kinesiologi \u00e4r en metod att kommunicera med en annan persons nervsystem genom att testa sp\u00e4nningen i musklerna<\/p>\n<h4>Kinesiologi st\u00f6djer kroppens sj\u00e4lvl\u00e4kning<\/h4>\n<p>Kinesiologi st\u00f6djer kroppens sj\u00e4lvl\u00e4kning p\u00e5 ett naturligt s\u00e4tt efter kroppens egen prioriteringsordning och kapacitet f\u00f6r att skapa b\u00e4ttre h\u00e4lsa och mer kraft i kroppen.<\/p>\n<p>Kinesologi \u00e4r en metod d\u00e4r terapeuten testar klientens nervsystem f\u00f6r att ta reda p\u00e5 vad som \u00e4r prioriterat att arbeta med. Terapeuten l\u00e4ser av nervsystemets\/kroppens respons p\u00e5 olika typer av tester.<\/p>\n<h4>Kinesiologi behandlar, f\u00f6rebygger och rehabiliterar<\/h4>\n<ul>\n<li>B\u00e4cken- k\u00e4kproblem<\/li>\n<li>\u00d6verk\u00e4nslighet, allergi, mag- och tarmproblem<\/li>\n<li>V\u00e4rk, inflammation, huvudv\u00e4rk och migr\u00e4n<\/li>\n<li>Stress, klimakteriebesv\u00e4r, och hormonproblem<\/li>\n<li>Balanserar kroppens PH-v\u00e4rde och f\u00f6rb\u00e4ttra \u00e4mnesoms\u00e4ttningen<\/li>\n<li>Avgiftning fr\u00e5n bakterier, parasiter mm<\/li>\n<li>Idrottsskador, rygg- kn\u00e4problem mm<\/li>\n<li>Immunf\u00f6rsvar och n\u00e4ringsbehov<\/li>\n<li>Emotionella obalanser<\/li>\n<\/ul>\n<h4>S\u00e5 h\u00e4r g\u00e5r en behandling till<\/h4>\n<p>Efter en dialog med klienten utf\u00f6r man en rad muskeltester. P\u00e5 s\u00e5 s\u00e4tt hittar man vad i kroppen som beh\u00f6vs balanseras, rensas ut och st\u00e4rkas.<\/p>\n<p>Man utg\u00e5r fr\u00e5n nervsystemet och l\u00e4ser av hur kroppen reagerar och kan d\u00e4rf\u00f6r f\u00e5 fram mycket exakta svar p\u00e5 vad som fungerar och inte.<\/p>\n<p>Man g\u00f6r d\u00e4refter olika behandlingar av nerv- och energisystemet och efter det slutligen en test av musklerna igen f\u00f6r att bekr\u00e4fta att det skett en f\u00f6r\u00e4ndring.<\/p>\n<p>Jag arbetar holistiskt med olika terapiformer som st\u00f6djer och st\u00e4rker kroppen s\u00e5 att den kan rensa ut gifter, balansera hormoner, r\u00e4tta till signaltrafiken i kroppen och f\u00e5 din fysik och dina mentala\/emotionella f\u00f6rm\u00e5gor att samverka f\u00f6r att f\u00e5 fram det finaste inom dig.<\/p>\n<p>Det sker med bla n\u00e4ringstillskott som \u00e4r anpassade exakt i dos och sort f\u00f6r att passa varje klient.<\/p>\n","protected":false},"excerpt":{"rendered":"<p>Kinesiologi \u00e4r modern v\u00e4sterl\u00e4ndsk fysiologi, anatomi, och r\u00f6relsel\u00e4ra som p\u00e5 ett unikt s\u00e4tt kombineras med urgamla kinesiska akupunkturlagar och \u00f6sterl\u00e4ndsk kunskap om m\u00e4nniskans yttre och inre energisystem.<\/p>\n","protected":false},"author":1,"featured_media":0,"parent":81,"menu_order":0,"comment_status":"closed","ping_status":"closed","template":"","meta":[],"_links":{"self":[{"href":"https:\/\/livibalans.nu\/index.php?rest_route=\/wp\/v2\/pages\/59"}],"collection":[{"href":"https:\/\/livibalans.nu\/index.php?rest_route=\/wp\/v2\/pages"}],"about":[{"href":"https:\/\/livibalans.nu\/index.php?rest_route=\/wp\/v2\/types\/page"}],"author":[{"embeddable":true,"href":"https:\/\/livibalans.nu\/index.php?rest_route=\/wp\/v2\/users\/1"}],"replies":[{"embeddable":true,"href":"https:\/\/livibalans.nu\/index.php?rest_route=%2Fwp%2Fv2%2Fcomments&post=59"}],"version-history":[{"count":5,"href":"https:\/\/livibalans.nu\/index.php?rest_route=\/wp\/v2\/pages\/59\/revisions"}],"predecessor-version":[{"id":257,"href":"https:\/\/livibalans.nu\/index.php?rest_route=\/wp\/v2\/pages\/59\/revisions\/257"}],"up":[{"embeddable":true,"href":"https:\/\/livibalans.nu\/index.php?rest_route=\/wp\/v2\/pages\/81"}],"wp:attachment":[{"href":"https:\/\/livibalans.nu\/index.php?rest_route=%2Fwp%2Fv2%2Fmedia&parent=59"}],"curies":[{"name":"wp","href":"https:\/\/api.w.org\/{rel}","templated":true}]}}