{"id":63,"date":"2017-01-22T15:22:25","date_gmt":"2017-01-22T15:22:25","guid":{"rendered":"http:\/\/wordpress.livibalans.nu\/?page_id=63"},"modified":"2021-07-25T11:23:43","modified_gmt":"2021-07-25T11:23:43","slug":"emotion-code","status":"publish","type":"page","link":"https:\/\/livibalans.nu\/?page_id=63","title":{"rendered":"Emotioncode"},"content":{"rendered":"<p>Med emotion code \u00e4r det m\u00f6jligt att finna och l\u00f6sa upp k\u00e4nslor som satt sig i kroppen.<\/p>\n<p>Dessa k\u00e4nslor kan vara underliggande orsak till n\u00e4stan alla fysiska och psykiska problem som utbr\u00e4ndhet, sm\u00e4rtor, depression, \u00e5ngest olika sjukdomar mm.<\/p>\n<p>Med emotioncode kan man l\u00f6sa upp sin heart wall. En heart wall \u00e4r k\u00e4nslor man byggt upp runt sitt hj\u00e4rta f\u00f6r att skydda det. Detta \u00e4r ganska vanligt, man g\u00f6r det undermedvetet n\u00e4r man upplever traumatiska h\u00e4ndelser.<\/p>\n<p>Denna behandling kan \u00e4ven utf\u00f6ras p\u00e5 distans.<\/p>\n","protected":false},"excerpt":{"rendered":"<p>Med emotion code \u00e4r det m\u00f6jligt att finna och l\u00f6sa upp k\u00e4nslor som satt sig i kroppen. <\/p>\n","protected":false},"author":1,"featured_media":0,"parent":81,"menu_order":0,"comment_status":"closed","ping_status":"closed","template":"","meta":[],"_links":{"self":[{"href":"https:\/\/livibalans.nu\/index.php?rest_route=\/wp\/v2\/pages\/63"}],"collection":[{"href":"https:\/\/livibalans.nu\/index.php?rest_route=\/wp\/v2\/pages"}],"about":[{"href":"https:\/\/livibalans.nu\/index.php?rest_route=\/wp\/v2\/types\/page"}],"author":[{"embeddable":true,"href":"https:\/\/livibalans.nu\/index.php?rest_route=\/wp\/v2\/users\/1"}],"replies":[{"embeddable":true,"href":"https:\/\/livibalans.nu\/index.php?rest_route=%2Fwp%2Fv2%2Fcomments&post=63"}],"version-history":[{"count":6,"href":"https:\/\/livibalans.nu\/index.php?rest_route=\/wp\/v2\/pages\/63\/revisions"}],"predecessor-version":[{"id":265,"href":"https:\/\/livibalans.nu\/index.php?rest_route=\/wp\/v2\/pages\/63\/revisions\/265"}],"up":[{"embeddable":true,"href":"https:\/\/livibalans.nu\/index.php?rest_route=\/wp\/v2\/pages\/81"}],"wp:attachment":[{"href":"https:\/\/livibalans.nu\/index.php?rest_route=%2Fwp%2Fv2%2Fmedia&parent=63"}],"curies":[{"name":"wp","href":"https:\/\/api.w.org\/{rel}","templated":true}]}}